{"id":67,"date":"2020-09-06T22:30:51","date_gmt":"2020-09-06T20:30:51","guid":{"rendered":"http:\/\/fidesconseilgroup.com\/?page_id=67"},"modified":"2025-03-21T14:03:28","modified_gmt":"2025-03-21T13:03:28","slug":"prestations","status":"publish","type":"page","link":"https:\/\/fidesconseilgroup.com\/index.php\/prestations\/","title":{"rendered":"Prestations"},"content":{"rendered":"\n<div class=\"wp-block-image is-style-default\"><figure class=\"alignleft size-large is-resized\"><img loading=\"lazy\" src=\"http:\/\/fidesconseilgroup.com\/wp-content\/uploads\/2020\/09\/prestastions-1024x693.jpg\" alt=\"Fides Conseil Airport\" class=\"wp-image-198\" width=\"146\" height=\"99\" srcset=\"https:\/\/fidesconseilgroup.com\/wp-content\/uploads\/2020\/09\/prestastions-1024x693.jpg 1024w, https:\/\/fidesconseilgroup.com\/wp-content\/uploads\/2020\/09\/prestastions-300x203.jpg 300w, https:\/\/fidesconseilgroup.com\/wp-content\/uploads\/2020\/09\/prestastions-768x520.jpg 768w, https:\/\/fidesconseilgroup.com\/wp-content\/uploads\/2020\/09\/prestastions-1536x1039.jpg 1536w, https:\/\/fidesconseilgroup.com\/wp-content\/uploads\/2020\/09\/prestastions-2048x1386.jpg 2048w\" sizes=\"(max-width: 146px) 100vw, 146px\" \/><\/figure><\/div>\n\n\n\n<p><strong>Transport International<\/strong><\/p>\n\n\n\n<p>Groupage, d\u00e9groupage, charters, denr\u00e9es p\u00e9rissables, marchandises dangereuses, service d\u2019entreposage, transport sur mesure, unit\u00e9s de chargement, envoi en groupage, envoi en charter (full charter, part charter), &#8230;<\/p>\n\n\n\n<p>                                       <span class=\"has-inline-color has-vivid-cyan-blue-color\"><strong><em>Nouveaut\u00e9<\/em><\/strong> :<\/span> Transports de v\u00e9hicules de tous types par avion et bateau des USA, du Canada, du Mexique, du Japon et de Duba\u00ef, dans des conditions optimales, incluant toutes les formalit\u00e9s.<\/p>\n\n\n\n<figure class=\"wp-block-image size-large is-resized\"><img loading=\"lazy\" src=\"http:\/\/fidesconseilgroup.com\/wp-content\/uploads\/2020\/09\/download.png\" alt=\"\" class=\"wp-image-226\" width=\"600\" height=\"75\" srcset=\"https:\/\/fidesconseilgroup.com\/wp-content\/uploads\/2020\/09\/download.png 600w, https:\/\/fidesconseilgroup.com\/wp-content\/uploads\/2020\/09\/download-300x38.png 300w\" sizes=\"(max-width: 600px) 100vw, 600px\" \/><\/figure>\n\n\n\n<div class=\"wp-block-image is-style-default\"><figure class=\"alignleft size-large is-resized\"><img loading=\"lazy\" src=\"http:\/\/fidesconseilgroup.com\/wp-content\/uploads\/2020\/09\/prestation_2-1.jpg\" alt=\"\" class=\"wp-image-205\" width=\"137\" height=\"137\" srcset=\"https:\/\/fidesconseilgroup.com\/wp-content\/uploads\/2020\/09\/prestation_2-1.jpg 591w, https:\/\/fidesconseilgroup.com\/wp-content\/uploads\/2020\/09\/prestation_2-1-300x300.jpg 300w, https:\/\/fidesconseilgroup.com\/wp-content\/uploads\/2020\/09\/prestation_2-1-150x150.jpg 150w\" sizes=\"(max-width: 137px) 100vw, 137px\" \/><\/figure><\/div>\n\n\n\n<p><strong><strong>Audit et Conseil<\/strong><\/strong><\/p>\n\n\n\n<p>R\u00e9daction de programme de S\u00fbret\u00e9, maintien et renouvellement d\u2019agr\u00e9ment Agent Habilit\u00e9, Chargeur Connu, Fournisseur Connu et Habilit\u00e9, visite annuelle de surveillance, contr\u00f4le qualit\u00e9 des mesures de s\u00fbret\u00e9 si\u00e8ge et escales de province.<\/p>\n\n\n\n<p><em><strong><span class=\"has-inline-color has-vivid-cyan-blue-color\">Nouveaut\u00e9<\/span><\/strong><\/em><strong><em> <\/em><\/strong>: Laurent MORIVAL, Validateur UE de s\u00fbret\u00e9 a\u00e9rienne FR\/0039\/FR\/00ks, charg\u00e9 du contr\u00f4le des chargeurs et fournisseurs connus est \u00e0 votre disposition pour le maintien, le renouvellement ou l&#8217;obtention de vos agr\u00e9ments.<\/p>\n\n\n\n<figure class=\"wp-block-image size-large is-resized\"><img loading=\"lazy\" src=\"http:\/\/fidesconseilgroup.com\/wp-content\/uploads\/2020\/09\/download.png\" alt=\"\" class=\"wp-image-226\" width=\"600\" height=\"75\" srcset=\"https:\/\/fidesconseilgroup.com\/wp-content\/uploads\/2020\/09\/download.png 600w, https:\/\/fidesconseilgroup.com\/wp-content\/uploads\/2020\/09\/download-300x38.png 300w\" sizes=\"(max-width: 600px) 100vw, 600px\" \/><\/figure>\n\n\n\n<p class=\"has-text-align-left\"><strong>F<\/strong><strong style=\"font-weight: bold;\">ormations S\u00fbret\u00e9 du Transport A\u00e9rien<\/strong> \u2013 Domaine de la S\u00fbret\u00e9 de l\u2019Aviation Civile (DGAC)<\/p>\n\n\n\n<p><strong>Toutes nos formations sont sur mesure<\/strong>.<br>Planification sur demande (sous un d\u00e9lai minimum de 48h) \u2013 Prix sur devis<br>Pour vous inscrire, merci de nous contacter, nous reviendrons vers vous dans les meilleurs d\u00e9lais :<br>Contact&nbsp;: Aline WALCZAK 06 07 66 08 29 \u2013 Directrice Formation &#8211; <a rel=\"noreferrer noopener\" href=\"http:\/\/www.fidesconseilgroup.com\/\" target=\"_blank\">surete@fidesconseilgroup.com<\/a><\/p>\n\n\n\n<p>Nous invitons les personnes en situation de handicap \u00e0 se signaler pour identifier et mettre en place des solutions d\u2019am\u00e9nagement.<\/p>\n\n\n\n<p><strong><strong>Les chiffres cl\u00e9s&nbsp;des formations 11.2.2 &#8211; 11.2.5 &#8211; 11.2.3.3 &amp; 11.2.3.9 pour l&#8217;ann\u00e9e 202<\/strong>4<\/strong> <strong>:<\/strong><br><strong>54 stagiaires \u2013 100 % de taux de r\u00e9ussite \u2013 97 % de taux de satisfaction du public accueilli<\/strong><\/p>\n\n\n\n<figure class=\"wp-block-image size-large is-resized\"><img loading=\"lazy\" src=\"http:\/\/fidesconseilgroup.com\/wp-content\/uploads\/2020\/10\/classes.jpg\" alt=\"\" class=\"wp-image-277\" width=\"1137\" height=\"140\" srcset=\"https:\/\/fidesconseilgroup.com\/wp-content\/uploads\/2020\/10\/classes.jpg 927w, https:\/\/fidesconseilgroup.com\/wp-content\/uploads\/2020\/10\/classes-300x37.jpg 300w, https:\/\/fidesconseilgroup.com\/wp-content\/uploads\/2020\/10\/classes-768x94.jpg 768w\" sizes=\"(max-width: 1137px) 100vw, 1137px\" \/><\/figure>\n\n\n\n<p><\/p>\n\n\n\n<figure class=\"wp-block-table is-style-stripes\"><table><tbody><tr><td>Point 11.2.2<\/td><td>: Base&nbsp;&nbsp;&nbsp;&nbsp;&nbsp;&nbsp;&nbsp;&nbsp;&nbsp;&nbsp;&nbsp;&nbsp;&nbsp;&nbsp;&nbsp;&nbsp;&nbsp;&nbsp;&nbsp;&nbsp;&nbsp;&nbsp;&nbsp;&nbsp;&nbsp;&nbsp;&nbsp;&nbsp;&nbsp;&nbsp;&nbsp;&nbsp;&nbsp;&nbsp;&nbsp;&nbsp;&nbsp;&nbsp;&nbsp;&nbsp;&nbsp;&nbsp;&nbsp;&nbsp;&nbsp;&nbsp;&nbsp;&nbsp;&nbsp;&nbsp;&nbsp;&nbsp;&nbsp;&nbsp;&nbsp;&nbsp;&nbsp;&nbsp;&nbsp;&nbsp;&nbsp;&nbsp;&nbsp;&nbsp;&nbsp;&nbsp;&nbsp;&nbsp;&nbsp;&nbsp;&nbsp;&nbsp;&nbsp;&nbsp;&nbsp;&nbsp;&nbsp;&nbsp;&nbsp;&nbsp;&nbsp;&nbsp;&nbsp;&nbsp;&nbsp;&nbsp;&nbsp;&nbsp;&nbsp;&nbsp;&nbsp;&nbsp;&nbsp;&nbsp;&nbsp;&nbsp;&nbsp;&nbsp;&nbsp;&nbsp;&nbsp;&nbsp;&nbsp;&nbsp;&nbsp;&nbsp;&nbsp;&nbsp;&nbsp;&nbsp;&nbsp;&nbsp;&nbsp;&nbsp;&nbsp;&nbsp;&nbsp;&nbsp;&nbsp;&nbsp;<\/td><\/tr><tr><td>Point 11.2.3.6<\/td><td>: Fouilles de s\u00fbret\u00e9 d\u2019a\u00e9ronefs<\/td><\/tr><tr><td>Point 11.2.3.7<\/td><td>: Protection des a\u00e9ronefs&nbsp;<\/td><\/tr><tr><td>Point 11.2.3.8&nbsp;<\/td><td>: Concordance Passagers Bagages<\/td><\/tr><tr><td>Point 11.2.3.9<\/td><td>: Contr\u00f4les de s\u00fbret\u00e9 Fret<\/td><\/tr><tr><td>Pack 11.2.3.9<\/td><td>: Contr\u00f4les de s\u00fbret\u00e9 Fret &amp; partie TCA&nbsp;&nbsp;&nbsp;<\/td><\/tr><tr><td>Point 11.2.3.10<\/td><td>: Contr\u00f4les de s\u00fbret\u00e9 Appro et Fournitures&nbsp;<\/td><\/tr><tr><td>Pack 11.2.3.10&nbsp;<\/td><td>: Contr\u00f4les de s\u00fbret\u00e9 Appro et Fournitures &amp; partie TCA<\/td><\/tr><tr><td>Pack 11.2.3.9\/10<\/td><td>: Contr\u00f4les de s\u00fbret\u00e9 Fret &amp; Appro et Fournitures<\/td><\/tr><tr><td>Pack 11.2.3.9\/10 &amp; 11.2.6.2&nbsp;<\/td><td>:  Contr\u00f4les de s\u00fbret\u00e9 Fret &amp; Appro et Fournitures &amp; Partie TCA&nbsp;&nbsp;<\/td><\/tr><tr><td>Point 11.2.4<\/td><td>:  Superviseur des agents qualifi\u00e9s<\/td><\/tr><tr><td>Points 11.2.2 &amp; 11.2.4<\/td><td>: Base &amp; Superviseur des agents qualifi\u00e9s&nbsp;<\/td><\/tr><tr><td>Point 11.2.5<\/td><td>: Gestionnaire de la s\u00fbret\u00e9<\/td><\/tr><tr><td>Points 11.2.2 &amp; 11.2.5<\/td><td>: Base &amp; Gestionnaire de la s\u00fbret\u00e9&nbsp;<\/td><\/tr><tr><td>Points 11.2.2 &amp; 11.2.4 &amp; 11.2.5<\/td><td>: Base &amp; Superviseur des agents qualifi\u00e9s &amp; Gestionnaire de la s\u00fbret\u00e9<\/td><\/tr><tr><td>Point 11.2.6.2<\/td><td>: Titre de Circulation A\u00e9roportuaire (TCA)<\/td><\/tr><tr><td>Point 11.2.7<\/td><td>: Sensibilisation \u00e0 la s\u00fbret\u00e9 g\u00e9n\u00e9rale<\/td><\/tr><tr><td>Point 11.4.1-3<\/td><td>: Formations p\u00e9riodiques de typologie 1 \u00e0 10<\/td><\/tr><tr><td>Formation sp\u00e9cifique<\/td><td>: Imagerie radioscopique<\/td><\/tr><tr><td>Formation sp\u00e9cifique<\/td><td>: Elaboration du programme de s\u00fbret\u00e9<\/td><\/tr><\/tbody><\/table><\/figure>\n\n\n\n<p><\/p>\n\n\n\n<div class=\"wp-block-buttons aligncenter\">\n<div class=\"wp-block-button is-style-fill\"><a class=\"wp-block-button__link has-text-color has-background\" href=\"http:\/\/fidesconseilgroup.com\/wp-content\/uploads\/2025\/03\/CATALOGUE-DES-FORMATIONS-V11-03-2025.pdf\" style=\"border-radius:2px;background-color:#ba0c49;color:#fffffa\">T\u00e9l\u00e9charger maintenant le catalogue<\/a><\/div>\n<\/div>\n\n\n\n<p><\/p>\n","protected":false},"excerpt":{"rendered":"<p>Transport International Groupage, d\u00e9groupage, charters, denr\u00e9es p\u00e9rissables, marchandises dangereuses, service d\u2019entreposage, transport sur mesure, unit\u00e9s de chargement, envoi en groupage,<\/p>\n","protected":false},"author":1,"featured_media":0,"parent":0,"menu_order":0,"comment_status":"closed","ping_status":"closed","template":"","meta":[],"_links":{"self":[{"href":"https:\/\/fidesconseilgroup.com\/index.php\/wp-json\/wp\/v2\/pages\/67"}],"collection":[{"href":"https:\/\/fidesconseilgroup.com\/index.php\/wp-json\/wp\/v2\/pages"}],"about":[{"href":"https:\/\/fidesconseilgroup.com\/index.php\/wp-json\/wp\/v2\/types\/page"}],"author":[{"embeddable":true,"href":"https:\/\/fidesconseilgroup.com\/index.php\/wp-json\/wp\/v2\/users\/1"}],"replies":[{"embeddable":true,"href":"https:\/\/fidesconseilgroup.com\/index.php\/wp-json\/wp\/v2\/comments?post=67"}],"version-history":[{"count":87,"href":"https:\/\/fidesconseilgroup.com\/index.php\/wp-json\/wp\/v2\/pages\/67\/revisions"}],"predecessor-version":[{"id":470,"href":"https:\/\/fidesconseilgroup.com\/index.php\/wp-json\/wp\/v2\/pages\/67\/revisions\/470"}],"wp:attachment":[{"href":"https:\/\/fidesconseilgroup.com\/index.php\/wp-json\/wp\/v2\/media?parent=67"}],"curies":[{"name":"wp","href":"https:\/\/api.w.org\/{rel}","templated":true}]}}