{"id":163,"date":"2020-09-10T13:36:51","date_gmt":"2020-09-10T11:36:51","guid":{"rendered":"http:\/\/fidesconseilgroup.com\/?page_id=163"},"modified":"2023-03-13T10:59:21","modified_gmt":"2023-03-13T09:59:21","slug":"mentions-legales","status":"publish","type":"page","link":"https:\/\/fidesconseilgroup.com\/index.php\/mentions-legales\/","title":{"rendered":"Mentions-l\u00e9gales"},"content":{"rendered":"\n<p>FID\u00c8S CONSEIL SAS<\/p>\n\n\n\n<p>21, rue Voltaire &#8211; 77290 MITRY-MORY<\/p>\n\n\n\n<p>T\u00e9l\u00e9phone : 06 07 66 08 29 <\/p>\n\n\n\n<p>Mail : surete@fidesconseilgroup.com<\/p>\n\n\n\n<p>SAS au capital de 7622,45 \u20ac <\/p>\n\n\n\n<p>Siret 419 532 411 00040 <\/p>\n\n\n\n<p><\/p>\n\n\n\n<p><\/p>\n","protected":false},"excerpt":{"rendered":"<p>FID\u00c8S CONSEIL SAS 21, rue Voltaire &#8211; 77290 MITRY-MORY T\u00e9l\u00e9phone : 06 07 66 08 29 Mail : surete@fidesconseilgroup.com SAS<\/p>\n","protected":false},"author":1,"featured_media":0,"parent":0,"menu_order":0,"comment_status":"closed","ping_status":"closed","template":"","meta":[],"_links":{"self":[{"href":"https:\/\/fidesconseilgroup.com\/index.php\/wp-json\/wp\/v2\/pages\/163"}],"collection":[{"href":"https:\/\/fidesconseilgroup.com\/index.php\/wp-json\/wp\/v2\/pages"}],"about":[{"href":"https:\/\/fidesconseilgroup.com\/index.php\/wp-json\/wp\/v2\/types\/page"}],"author":[{"embeddable":true,"href":"https:\/\/fidesconseilgroup.com\/index.php\/wp-json\/wp\/v2\/users\/1"}],"replies":[{"embeddable":true,"href":"https:\/\/fidesconseilgroup.com\/index.php\/wp-json\/wp\/v2\/comments?post=163"}],"version-history":[{"count":4,"href":"https:\/\/fidesconseilgroup.com\/index.php\/wp-json\/wp\/v2\/pages\/163\/revisions"}],"predecessor-version":[{"id":426,"href":"https:\/\/fidesconseilgroup.com\/index.php\/wp-json\/wp\/v2\/pages\/163\/revisions\/426"}],"wp:attachment":[{"href":"https:\/\/fidesconseilgroup.com\/index.php\/wp-json\/wp\/v2\/media?parent=163"}],"curies":[{"name":"wp","href":"https:\/\/api.w.org\/{rel}","templated":true}]}}